{"id":6745,"date":"2025-12-01T23:17:36","date_gmt":"2025-12-01T21:17:36","guid":{"rendered":"https:\/\/berke.ro\/?post_type=product&#038;p=6745"},"modified":"2025-12-01T23:17:36","modified_gmt":"2025-12-01T21:17:36","slug":"slanina-afumata-cu-boia","status":"publish","type":"product","link":"https:\/\/berke.ro\/ro\/product\/slanina-afumata-cu-boia\/","title":{"rendered":"Sl\u0103nin\u0103 afumat\u0103 cu boia"},"content":{"rendered":"","protected":false},"excerpt":{"rendered":"<p>1 kg<\/p>\n","protected":false},"featured_media":6743,"comment_status":"open","ping_status":"closed","template":"","meta":[],"product_brand":[],"product_cat":[168],"product_tag":[],"class_list":{"0":"post-6745","1":"product","2":"type-product","3":"status-publish","4":"has-post-thumbnail","6":"product_cat-produse-afumate-ro","8":"first","9":"instock","10":"shipping-taxable","11":"purchasable","12":"product-type-simple"},"yoast_head":"<!-- This site is optimized with the Yoast SEO plugin v26.1.1 - https:\/\/yoast.com\/wordpress\/plugins\/seo\/ -->\n<title>Sl\u0103nin\u0103 afumat\u0103 cu boia - Berke<\/title>\n<meta name=\"robots\" content=\"index, follow, max-snippet:-1, max-image-preview:large, max-video-preview:-1\" \/>\n<link rel=\"canonical\" href=\"https:\/\/berke.ro\/ro\/product\/slanina-afumata-cu-boia\/\" \/>\n<meta property=\"og:locale\" content=\"ro_RO\" \/>\n<meta property=\"og:type\" content=\"article\" \/>\n<meta property=\"og:title\" content=\"Sl\u0103nin\u0103 afumat\u0103 cu boia - Berke\" \/>\n<meta property=\"og:description\" content=\"1 kg\" \/>\n<meta property=\"og:url\" content=\"https:\/\/berke.ro\/ro\/product\/slanina-afumata-cu-boia\/\" \/>\n<meta property=\"og:site_name\" content=\"Berke\" \/>\n<meta property=\"og:image\" content=\"https:\/\/berke.ro\/wp-content\/uploads\/2025\/12\/slanina-boia.jpeg\" \/>\n\t<meta property=\"og:image:width\" content=\"1200\" \/>\n\t<meta property=\"og:image:height\" content=\"1600\" \/>\n\t<meta property=\"og:image:type\" content=\"image\/jpeg\" \/>\n<meta name=\"twitter:card\" content=\"summary_large_image\" \/>\n<meta name=\"twitter:label1\" content=\"Timp estimat pentru citire\" \/>\n\t<meta name=\"twitter:data1\" content=\"1 minut\" \/>\n<script type=\"application\/ld+json\" class=\"yoast-schema-graph\">{\"@context\":\"https:\/\/schema.org\",\"@graph\":[{\"@type\":\"WebPage\",\"@id\":\"https:\/\/berke.ro\/ro\/product\/slanina-afumata-cu-boia\/\",\"url\":\"https:\/\/berke.ro\/ro\/product\/slanina-afumata-cu-boia\/\",\"name\":\"Sl\u0103nin\u0103 afumat\u0103 cu boia - Berke\",\"isPartOf\":{\"@id\":\"https:\/\/berke.ro\/#website\"},\"primaryImageOfPage\":{\"@id\":\"https:\/\/berke.ro\/ro\/product\/slanina-afumata-cu-boia\/#primaryimage\"},\"image\":{\"@id\":\"https:\/\/berke.ro\/ro\/product\/slanina-afumata-cu-boia\/#primaryimage\"},\"thumbnailUrl\":\"https:\/\/berke.ro\/wp-content\/uploads\/2025\/12\/slanina-boia.jpeg\",\"datePublished\":\"2025-12-01T21:17:36+00:00\",\"breadcrumb\":{\"@id\":\"https:\/\/berke.ro\/ro\/product\/slanina-afumata-cu-boia\/#breadcrumb\"},\"inLanguage\":\"ro-RO\",\"potentialAction\":[{\"@type\":\"ReadAction\",\"target\":[\"https:\/\/berke.ro\/ro\/product\/slanina-afumata-cu-boia\/\"]}]},{\"@type\":\"ImageObject\",\"inLanguage\":\"ro-RO\",\"@id\":\"https:\/\/berke.ro\/ro\/product\/slanina-afumata-cu-boia\/#primaryimage\",\"url\":\"https:\/\/berke.ro\/wp-content\/uploads\/2025\/12\/slanina-boia.jpeg\",\"contentUrl\":\"https:\/\/berke.ro\/wp-content\/uploads\/2025\/12\/slanina-boia.jpeg\",\"width\":1200,\"height\":1600},{\"@type\":\"BreadcrumbList\",\"@id\":\"https:\/\/berke.ro\/ro\/product\/slanina-afumata-cu-boia\/#breadcrumb\",\"itemListElement\":[{\"@type\":\"ListItem\",\"position\":1,\"name\":\"Kezd\u0151lap\",\"item\":\"https:\/\/berke.ro\/ro\/\"},{\"@type\":\"ListItem\",\"position\":2,\"name\":\"SHOP\",\"item\":\"https:\/\/berke.ro\/ro\/shop\/\"},{\"@type\":\"ListItem\",\"position\":3,\"name\":\"Sl\u0103nin\u0103 afumat\u0103 cu boia\"}]},{\"@type\":\"WebSite\",\"@id\":\"https:\/\/berke.ro\/#website\",\"url\":\"https:\/\/berke.ro\/\",\"name\":\"Berke\",\"description\":\"Quality products from Transilvania\",\"potentialAction\":[{\"@type\":\"SearchAction\",\"target\":{\"@type\":\"EntryPoint\",\"urlTemplate\":\"https:\/\/berke.ro\/?s={search_term_string}\"},\"query-input\":{\"@type\":\"PropertyValueSpecification\",\"valueRequired\":true,\"valueName\":\"search_term_string\"}}],\"inLanguage\":\"ro-RO\"}]}<\/script>\n<!-- \/ Yoast SEO plugin. -->","yoast_head_json":{"title":"Sl\u0103nin\u0103 afumat\u0103 cu boia - Berke","robots":{"index":"index","follow":"follow","max-snippet":"max-snippet:-1","max-image-preview":"max-image-preview:large","max-video-preview":"max-video-preview:-1"},"canonical":"https:\/\/berke.ro\/ro\/product\/slanina-afumata-cu-boia\/","og_locale":"ro_RO","og_type":"article","og_title":"Sl\u0103nin\u0103 afumat\u0103 cu boia - Berke","og_description":"1 kg","og_url":"https:\/\/berke.ro\/ro\/product\/slanina-afumata-cu-boia\/","og_site_name":"Berke","og_image":[{"width":1200,"height":1600,"url":"https:\/\/berke.ro\/wp-content\/uploads\/2025\/12\/slanina-boia.jpeg","type":"image\/jpeg"}],"twitter_card":"summary_large_image","twitter_misc":{"Timp estimat pentru citire":"1 minut"},"schema":{"@context":"https:\/\/schema.org","@graph":[{"@type":"WebPage","@id":"https:\/\/berke.ro\/ro\/product\/slanina-afumata-cu-boia\/","url":"https:\/\/berke.ro\/ro\/product\/slanina-afumata-cu-boia\/","name":"Sl\u0103nin\u0103 afumat\u0103 cu boia - Berke","isPartOf":{"@id":"https:\/\/berke.ro\/#website"},"primaryImageOfPage":{"@id":"https:\/\/berke.ro\/ro\/product\/slanina-afumata-cu-boia\/#primaryimage"},"image":{"@id":"https:\/\/berke.ro\/ro\/product\/slanina-afumata-cu-boia\/#primaryimage"},"thumbnailUrl":"https:\/\/berke.ro\/wp-content\/uploads\/2025\/12\/slanina-boia.jpeg","datePublished":"2025-12-01T21:17:36+00:00","breadcrumb":{"@id":"https:\/\/berke.ro\/ro\/product\/slanina-afumata-cu-boia\/#breadcrumb"},"inLanguage":"ro-RO","potentialAction":[{"@type":"ReadAction","target":["https:\/\/berke.ro\/ro\/product\/slanina-afumata-cu-boia\/"]}]},{"@type":"ImageObject","inLanguage":"ro-RO","@id":"https:\/\/berke.ro\/ro\/product\/slanina-afumata-cu-boia\/#primaryimage","url":"https:\/\/berke.ro\/wp-content\/uploads\/2025\/12\/slanina-boia.jpeg","contentUrl":"https:\/\/berke.ro\/wp-content\/uploads\/2025\/12\/slanina-boia.jpeg","width":1200,"height":1600},{"@type":"BreadcrumbList","@id":"https:\/\/berke.ro\/ro\/product\/slanina-afumata-cu-boia\/#breadcrumb","itemListElement":[{"@type":"ListItem","position":1,"name":"Kezd\u0151lap","item":"https:\/\/berke.ro\/ro\/"},{"@type":"ListItem","position":2,"name":"SHOP","item":"https:\/\/berke.ro\/ro\/shop\/"},{"@type":"ListItem","position":3,"name":"Sl\u0103nin\u0103 afumat\u0103 cu boia"}]},{"@type":"WebSite","@id":"https:\/\/berke.ro\/#website","url":"https:\/\/berke.ro\/","name":"Berke","description":"Quality products from Transilvania","potentialAction":[{"@type":"SearchAction","target":{"@type":"EntryPoint","urlTemplate":"https:\/\/berke.ro\/?s={search_term_string}"},"query-input":{"@type":"PropertyValueSpecification","valueRequired":true,"valueName":"search_term_string"}}],"inLanguage":"ro-RO"}]}},"_links":{"self":[{"href":"https:\/\/berke.ro\/ro\/wp-json\/wp\/v2\/product\/6745","targetHints":{"allow":["GET"]}}],"collection":[{"href":"https:\/\/berke.ro\/ro\/wp-json\/wp\/v2\/product"}],"about":[{"href":"https:\/\/berke.ro\/ro\/wp-json\/wp\/v2\/types\/product"}],"replies":[{"embeddable":true,"href":"https:\/\/berke.ro\/ro\/wp-json\/wp\/v2\/comments?post=6745"}],"wp:featuredmedia":[{"embeddable":true,"href":"https:\/\/berke.ro\/ro\/wp-json\/wp\/v2\/media\/6743"}],"wp:attachment":[{"href":"https:\/\/berke.ro\/ro\/wp-json\/wp\/v2\/media?parent=6745"}],"wp:term":[{"taxonomy":"product_brand","embeddable":true,"href":"https:\/\/berke.ro\/ro\/wp-json\/wp\/v2\/product_brand?post=6745"},{"taxonomy":"product_cat","embeddable":true,"href":"https:\/\/berke.ro\/ro\/wp-json\/wp\/v2\/product_cat?post=6745"},{"taxonomy":"product_tag","embeddable":true,"href":"https:\/\/berke.ro\/ro\/wp-json\/wp\/v2\/product_tag?post=6745"}],"curies":[{"name":"wp","href":"https:\/\/api.w.org\/{rel}","templated":true}]}}