{"id":4750,"date":"2023-07-31T12:44:35","date_gmt":"2023-07-31T09:44:35","guid":{"rendered":"https:\/\/berke.ro\/?post_type=product&#038;p=4750"},"modified":"2026-03-31T14:16:25","modified_gmt":"2026-03-31T11:16:25","slug":"pulpa-de-miel-fara-os","status":"publish","type":"product","link":"https:\/\/berke.ro\/ro\/product\/pulpa-de-miel-fara-os\/","title":{"rendered":"Pulp\u0103 de miel f\u0103r\u0103 os"},"content":{"rendered":"","protected":false},"excerpt":{"rendered":"<p>KG<\/p>\n","protected":false},"featured_media":5645,"comment_status":"open","ping_status":"closed","template":"","meta":[],"product_brand":[],"product_cat":[65,157,66],"product_tag":[],"class_list":{"0":"post-4750","1":"product","2":"type-product","3":"status-publish","4":"has-post-thumbnail","6":"product_cat-carne-transata","7":"product_cat-carne-transata-miel","8":"product_cat-miel","10":"first","11":"instock","12":"shipping-taxable","13":"purchasable","14":"product-type-simple"},"yoast_head":"<!-- This site is optimized with the Yoast SEO plugin v26.1.1 - https:\/\/yoast.com\/wordpress\/plugins\/seo\/ -->\n<title>Pulp\u0103 de miel f\u0103r\u0103 os - Berke<\/title>\n<meta name=\"robots\" content=\"index, follow, max-snippet:-1, max-image-preview:large, max-video-preview:-1\" \/>\n<link rel=\"canonical\" href=\"https:\/\/berke.ro\/ro\/product\/pulpa-de-miel-fara-os\/\" \/>\n<meta property=\"og:locale\" content=\"ro_RO\" \/>\n<meta property=\"og:type\" content=\"article\" \/>\n<meta property=\"og:title\" content=\"Pulp\u0103 de miel f\u0103r\u0103 os - Berke\" \/>\n<meta property=\"og:description\" content=\"KG\" \/>\n<meta property=\"og:url\" content=\"https:\/\/berke.ro\/ro\/product\/pulpa-de-miel-fara-os\/\" \/>\n<meta property=\"og:site_name\" content=\"Berke\" \/>\n<meta property=\"article:modified_time\" content=\"2026-03-31T11:16:25+00:00\" \/>\n<meta property=\"og:image\" content=\"https:\/\/berke.ro\/wp-content\/uploads\/2023\/07\/DSF8869.jpeg\" \/>\n\t<meta property=\"og:image:width\" content=\"1280\" \/>\n\t<meta property=\"og:image:height\" content=\"853\" \/>\n\t<meta property=\"og:image:type\" content=\"image\/jpeg\" \/>\n<meta name=\"twitter:card\" content=\"summary_large_image\" \/>\n<meta name=\"twitter:label1\" content=\"Timp estimat pentru citire\" \/>\n\t<meta name=\"twitter:data1\" content=\"1 minut\" \/>\n<script type=\"application\/ld+json\" class=\"yoast-schema-graph\">{\"@context\":\"https:\/\/schema.org\",\"@graph\":[{\"@type\":\"WebPage\",\"@id\":\"https:\/\/berke.ro\/ro\/product\/pulpa-de-miel-fara-os\/\",\"url\":\"https:\/\/berke.ro\/ro\/product\/pulpa-de-miel-fara-os\/\",\"name\":\"Pulp\u0103 de miel f\u0103r\u0103 os - Berke\",\"isPartOf\":{\"@id\":\"https:\/\/berke.ro\/#website\"},\"primaryImageOfPage\":{\"@id\":\"https:\/\/berke.ro\/ro\/product\/pulpa-de-miel-fara-os\/#primaryimage\"},\"image\":{\"@id\":\"https:\/\/berke.ro\/ro\/product\/pulpa-de-miel-fara-os\/#primaryimage\"},\"thumbnailUrl\":\"https:\/\/berke.ro\/wp-content\/uploads\/2023\/07\/DSF8869.jpeg\",\"datePublished\":\"2023-07-31T09:44:35+00:00\",\"dateModified\":\"2026-03-31T11:16:25+00:00\",\"breadcrumb\":{\"@id\":\"https:\/\/berke.ro\/ro\/product\/pulpa-de-miel-fara-os\/#breadcrumb\"},\"inLanguage\":\"ro-RO\",\"potentialAction\":[{\"@type\":\"ReadAction\",\"target\":[\"https:\/\/berke.ro\/ro\/product\/pulpa-de-miel-fara-os\/\"]}]},{\"@type\":\"ImageObject\",\"inLanguage\":\"ro-RO\",\"@id\":\"https:\/\/berke.ro\/ro\/product\/pulpa-de-miel-fara-os\/#primaryimage\",\"url\":\"https:\/\/berke.ro\/wp-content\/uploads\/2023\/07\/DSF8869.jpeg\",\"contentUrl\":\"https:\/\/berke.ro\/wp-content\/uploads\/2023\/07\/DSF8869.jpeg\",\"width\":1280,\"height\":853},{\"@type\":\"BreadcrumbList\",\"@id\":\"https:\/\/berke.ro\/ro\/product\/pulpa-de-miel-fara-os\/#breadcrumb\",\"itemListElement\":[{\"@type\":\"ListItem\",\"position\":1,\"name\":\"Kezd\u0151lap\",\"item\":\"https:\/\/berke.ro\/ro\/\"},{\"@type\":\"ListItem\",\"position\":2,\"name\":\"SHOP\",\"item\":\"https:\/\/berke.ro\/ro\/shop\/\"},{\"@type\":\"ListItem\",\"position\":3,\"name\":\"Pulp\u0103 de miel f\u0103r\u0103 os\"}]},{\"@type\":\"WebSite\",\"@id\":\"https:\/\/berke.ro\/#website\",\"url\":\"https:\/\/berke.ro\/\",\"name\":\"Berke\",\"description\":\"Quality products from Transilvania\",\"potentialAction\":[{\"@type\":\"SearchAction\",\"target\":{\"@type\":\"EntryPoint\",\"urlTemplate\":\"https:\/\/berke.ro\/?s={search_term_string}\"},\"query-input\":{\"@type\":\"PropertyValueSpecification\",\"valueRequired\":true,\"valueName\":\"search_term_string\"}}],\"inLanguage\":\"ro-RO\"}]}<\/script>\n<!-- \/ Yoast SEO plugin. -->","yoast_head_json":{"title":"Pulp\u0103 de miel f\u0103r\u0103 os - Berke","robots":{"index":"index","follow":"follow","max-snippet":"max-snippet:-1","max-image-preview":"max-image-preview:large","max-video-preview":"max-video-preview:-1"},"canonical":"https:\/\/berke.ro\/ro\/product\/pulpa-de-miel-fara-os\/","og_locale":"ro_RO","og_type":"article","og_title":"Pulp\u0103 de miel f\u0103r\u0103 os - Berke","og_description":"KG","og_url":"https:\/\/berke.ro\/ro\/product\/pulpa-de-miel-fara-os\/","og_site_name":"Berke","article_modified_time":"2026-03-31T11:16:25+00:00","og_image":[{"width":1280,"height":853,"url":"https:\/\/berke.ro\/wp-content\/uploads\/2023\/07\/DSF8869.jpeg","type":"image\/jpeg"}],"twitter_card":"summary_large_image","twitter_misc":{"Timp estimat pentru citire":"1 minut"},"schema":{"@context":"https:\/\/schema.org","@graph":[{"@type":"WebPage","@id":"https:\/\/berke.ro\/ro\/product\/pulpa-de-miel-fara-os\/","url":"https:\/\/berke.ro\/ro\/product\/pulpa-de-miel-fara-os\/","name":"Pulp\u0103 de miel f\u0103r\u0103 os - Berke","isPartOf":{"@id":"https:\/\/berke.ro\/#website"},"primaryImageOfPage":{"@id":"https:\/\/berke.ro\/ro\/product\/pulpa-de-miel-fara-os\/#primaryimage"},"image":{"@id":"https:\/\/berke.ro\/ro\/product\/pulpa-de-miel-fara-os\/#primaryimage"},"thumbnailUrl":"https:\/\/berke.ro\/wp-content\/uploads\/2023\/07\/DSF8869.jpeg","datePublished":"2023-07-31T09:44:35+00:00","dateModified":"2026-03-31T11:16:25+00:00","breadcrumb":{"@id":"https:\/\/berke.ro\/ro\/product\/pulpa-de-miel-fara-os\/#breadcrumb"},"inLanguage":"ro-RO","potentialAction":[{"@type":"ReadAction","target":["https:\/\/berke.ro\/ro\/product\/pulpa-de-miel-fara-os\/"]}]},{"@type":"ImageObject","inLanguage":"ro-RO","@id":"https:\/\/berke.ro\/ro\/product\/pulpa-de-miel-fara-os\/#primaryimage","url":"https:\/\/berke.ro\/wp-content\/uploads\/2023\/07\/DSF8869.jpeg","contentUrl":"https:\/\/berke.ro\/wp-content\/uploads\/2023\/07\/DSF8869.jpeg","width":1280,"height":853},{"@type":"BreadcrumbList","@id":"https:\/\/berke.ro\/ro\/product\/pulpa-de-miel-fara-os\/#breadcrumb","itemListElement":[{"@type":"ListItem","position":1,"name":"Kezd\u0151lap","item":"https:\/\/berke.ro\/ro\/"},{"@type":"ListItem","position":2,"name":"SHOP","item":"https:\/\/berke.ro\/ro\/shop\/"},{"@type":"ListItem","position":3,"name":"Pulp\u0103 de miel f\u0103r\u0103 os"}]},{"@type":"WebSite","@id":"https:\/\/berke.ro\/#website","url":"https:\/\/berke.ro\/","name":"Berke","description":"Quality products from Transilvania","potentialAction":[{"@type":"SearchAction","target":{"@type":"EntryPoint","urlTemplate":"https:\/\/berke.ro\/?s={search_term_string}"},"query-input":{"@type":"PropertyValueSpecification","valueRequired":true,"valueName":"search_term_string"}}],"inLanguage":"ro-RO"}]}},"_links":{"self":[{"href":"https:\/\/berke.ro\/ro\/wp-json\/wp\/v2\/product\/4750","targetHints":{"allow":["GET"]}}],"collection":[{"href":"https:\/\/berke.ro\/ro\/wp-json\/wp\/v2\/product"}],"about":[{"href":"https:\/\/berke.ro\/ro\/wp-json\/wp\/v2\/types\/product"}],"replies":[{"embeddable":true,"href":"https:\/\/berke.ro\/ro\/wp-json\/wp\/v2\/comments?post=4750"}],"wp:featuredmedia":[{"embeddable":true,"href":"https:\/\/berke.ro\/ro\/wp-json\/wp\/v2\/media\/5645"}],"wp:attachment":[{"href":"https:\/\/berke.ro\/ro\/wp-json\/wp\/v2\/media?parent=4750"}],"wp:term":[{"taxonomy":"product_brand","embeddable":true,"href":"https:\/\/berke.ro\/ro\/wp-json\/wp\/v2\/product_brand?post=4750"},{"taxonomy":"product_cat","embeddable":true,"href":"https:\/\/berke.ro\/ro\/wp-json\/wp\/v2\/product_cat?post=4750"},{"taxonomy":"product_tag","embeddable":true,"href":"https:\/\/berke.ro\/ro\/wp-json\/wp\/v2\/product_tag?post=4750"}],"curies":[{"name":"wp","href":"https:\/\/api.w.org\/{rel}","templated":true}]}}