{"id":3889,"date":"2022-06-03T09:37:23","date_gmt":"2022-06-03T06:37:23","guid":{"rendered":"https:\/\/berke.ro\/?post_type=product&#038;p=3889"},"modified":"2025-05-28T08:19:42","modified_gmt":"2025-05-28T05:19:42","slug":"pulpa-de-mangalita-fara-os","status":"publish","type":"product","link":"https:\/\/berke.ro\/ro\/product\/pulpa-de-mangalita-fara-os\/","title":{"rendered":"Pulp\u0103 de mangali\u021b\u0103 f\u0103r\u0103 os"},"content":{"rendered":"","protected":false},"excerpt":{"rendered":"<p>1 KG<\/p>\n","protected":false},"featured_media":3890,"comment_status":"open","ping_status":"closed","template":"","meta":[],"product_brand":[],"product_cat":[65,137,67],"product_tag":[],"class_list":{"0":"post-3889","1":"product","2":"type-product","3":"status-publish","4":"has-post-thumbnail","6":"product_cat-carne-transata","7":"product_cat-carne-transata-ro","8":"product_cat-mangalitza","10":"first","11":"instock","12":"shipping-taxable","13":"purchasable","14":"product-type-simple"},"yoast_head":"<!-- This site is optimized with the Yoast SEO plugin v26.1.1 - https:\/\/yoast.com\/wordpress\/plugins\/seo\/ -->\n<title>Pulp\u0103 de mangali\u021b\u0103 f\u0103r\u0103 os - Berke<\/title>\n<meta name=\"robots\" content=\"index, follow, max-snippet:-1, max-image-preview:large, max-video-preview:-1\" \/>\n<link rel=\"canonical\" href=\"https:\/\/berke.ro\/ro\/product\/pulpa-de-mangalita-fara-os\/\" \/>\n<meta property=\"og:locale\" content=\"ro_RO\" \/>\n<meta property=\"og:type\" content=\"article\" \/>\n<meta property=\"og:title\" content=\"Pulp\u0103 de mangali\u021b\u0103 f\u0103r\u0103 os - Berke\" \/>\n<meta property=\"og:description\" content=\"1 KG\" \/>\n<meta property=\"og:url\" content=\"https:\/\/berke.ro\/ro\/product\/pulpa-de-mangalita-fara-os\/\" \/>\n<meta property=\"og:site_name\" content=\"Berke\" \/>\n<meta property=\"article:modified_time\" content=\"2025-05-28T05:19:42+00:00\" \/>\n<meta property=\"og:image\" content=\"https:\/\/berke.ro\/wp-content\/uploads\/2022\/06\/IMG_0501.jpg\" \/>\n\t<meta property=\"og:image:width\" content=\"1169\" \/>\n\t<meta property=\"og:image:height\" content=\"770\" \/>\n\t<meta property=\"og:image:type\" content=\"image\/jpeg\" \/>\n<meta name=\"twitter:card\" content=\"summary_large_image\" \/>\n<script type=\"application\/ld+json\" class=\"yoast-schema-graph\">{\"@context\":\"https:\/\/schema.org\",\"@graph\":[{\"@type\":\"WebPage\",\"@id\":\"https:\/\/berke.ro\/ro\/product\/pulpa-de-mangalita-fara-os\/\",\"url\":\"https:\/\/berke.ro\/ro\/product\/pulpa-de-mangalita-fara-os\/\",\"name\":\"Pulp\u0103 de mangali\u021b\u0103 f\u0103r\u0103 os - Berke\",\"isPartOf\":{\"@id\":\"https:\/\/berke.ro\/#website\"},\"primaryImageOfPage\":{\"@id\":\"https:\/\/berke.ro\/ro\/product\/pulpa-de-mangalita-fara-os\/#primaryimage\"},\"image\":{\"@id\":\"https:\/\/berke.ro\/ro\/product\/pulpa-de-mangalita-fara-os\/#primaryimage\"},\"thumbnailUrl\":\"https:\/\/berke.ro\/wp-content\/uploads\/2022\/06\/IMG_0501.jpg\",\"datePublished\":\"2022-06-03T06:37:23+00:00\",\"dateModified\":\"2025-05-28T05:19:42+00:00\",\"breadcrumb\":{\"@id\":\"https:\/\/berke.ro\/ro\/product\/pulpa-de-mangalita-fara-os\/#breadcrumb\"},\"inLanguage\":\"ro-RO\",\"potentialAction\":[{\"@type\":\"ReadAction\",\"target\":[\"https:\/\/berke.ro\/ro\/product\/pulpa-de-mangalita-fara-os\/\"]}]},{\"@type\":\"ImageObject\",\"inLanguage\":\"ro-RO\",\"@id\":\"https:\/\/berke.ro\/ro\/product\/pulpa-de-mangalita-fara-os\/#primaryimage\",\"url\":\"https:\/\/berke.ro\/wp-content\/uploads\/2022\/06\/IMG_0501.jpg\",\"contentUrl\":\"https:\/\/berke.ro\/wp-content\/uploads\/2022\/06\/IMG_0501.jpg\",\"width\":1169,\"height\":770},{\"@type\":\"BreadcrumbList\",\"@id\":\"https:\/\/berke.ro\/ro\/product\/pulpa-de-mangalita-fara-os\/#breadcrumb\",\"itemListElement\":[{\"@type\":\"ListItem\",\"position\":1,\"name\":\"Kezd\u0151lap\",\"item\":\"https:\/\/berke.ro\/ro\/\"},{\"@type\":\"ListItem\",\"position\":2,\"name\":\"SHOP\",\"item\":\"https:\/\/berke.ro\/ro\/shop\/\"},{\"@type\":\"ListItem\",\"position\":3,\"name\":\"Pulp\u0103 de mangali\u021b\u0103 f\u0103r\u0103 os\"}]},{\"@type\":\"WebSite\",\"@id\":\"https:\/\/berke.ro\/#website\",\"url\":\"https:\/\/berke.ro\/\",\"name\":\"Berke\",\"description\":\"Quality products from Transilvania\",\"potentialAction\":[{\"@type\":\"SearchAction\",\"target\":{\"@type\":\"EntryPoint\",\"urlTemplate\":\"https:\/\/berke.ro\/?s={search_term_string}\"},\"query-input\":{\"@type\":\"PropertyValueSpecification\",\"valueRequired\":true,\"valueName\":\"search_term_string\"}}],\"inLanguage\":\"ro-RO\"}]}<\/script>\n<!-- \/ Yoast SEO plugin. -->","yoast_head_json":{"title":"Pulp\u0103 de mangali\u021b\u0103 f\u0103r\u0103 os - Berke","robots":{"index":"index","follow":"follow","max-snippet":"max-snippet:-1","max-image-preview":"max-image-preview:large","max-video-preview":"max-video-preview:-1"},"canonical":"https:\/\/berke.ro\/ro\/product\/pulpa-de-mangalita-fara-os\/","og_locale":"ro_RO","og_type":"article","og_title":"Pulp\u0103 de mangali\u021b\u0103 f\u0103r\u0103 os - Berke","og_description":"1 KG","og_url":"https:\/\/berke.ro\/ro\/product\/pulpa-de-mangalita-fara-os\/","og_site_name":"Berke","article_modified_time":"2025-05-28T05:19:42+00:00","og_image":[{"width":1169,"height":770,"url":"https:\/\/berke.ro\/wp-content\/uploads\/2022\/06\/IMG_0501.jpg","type":"image\/jpeg"}],"twitter_card":"summary_large_image","schema":{"@context":"https:\/\/schema.org","@graph":[{"@type":"WebPage","@id":"https:\/\/berke.ro\/ro\/product\/pulpa-de-mangalita-fara-os\/","url":"https:\/\/berke.ro\/ro\/product\/pulpa-de-mangalita-fara-os\/","name":"Pulp\u0103 de mangali\u021b\u0103 f\u0103r\u0103 os - Berke","isPartOf":{"@id":"https:\/\/berke.ro\/#website"},"primaryImageOfPage":{"@id":"https:\/\/berke.ro\/ro\/product\/pulpa-de-mangalita-fara-os\/#primaryimage"},"image":{"@id":"https:\/\/berke.ro\/ro\/product\/pulpa-de-mangalita-fara-os\/#primaryimage"},"thumbnailUrl":"https:\/\/berke.ro\/wp-content\/uploads\/2022\/06\/IMG_0501.jpg","datePublished":"2022-06-03T06:37:23+00:00","dateModified":"2025-05-28T05:19:42+00:00","breadcrumb":{"@id":"https:\/\/berke.ro\/ro\/product\/pulpa-de-mangalita-fara-os\/#breadcrumb"},"inLanguage":"ro-RO","potentialAction":[{"@type":"ReadAction","target":["https:\/\/berke.ro\/ro\/product\/pulpa-de-mangalita-fara-os\/"]}]},{"@type":"ImageObject","inLanguage":"ro-RO","@id":"https:\/\/berke.ro\/ro\/product\/pulpa-de-mangalita-fara-os\/#primaryimage","url":"https:\/\/berke.ro\/wp-content\/uploads\/2022\/06\/IMG_0501.jpg","contentUrl":"https:\/\/berke.ro\/wp-content\/uploads\/2022\/06\/IMG_0501.jpg","width":1169,"height":770},{"@type":"BreadcrumbList","@id":"https:\/\/berke.ro\/ro\/product\/pulpa-de-mangalita-fara-os\/#breadcrumb","itemListElement":[{"@type":"ListItem","position":1,"name":"Kezd\u0151lap","item":"https:\/\/berke.ro\/ro\/"},{"@type":"ListItem","position":2,"name":"SHOP","item":"https:\/\/berke.ro\/ro\/shop\/"},{"@type":"ListItem","position":3,"name":"Pulp\u0103 de mangali\u021b\u0103 f\u0103r\u0103 os"}]},{"@type":"WebSite","@id":"https:\/\/berke.ro\/#website","url":"https:\/\/berke.ro\/","name":"Berke","description":"Quality products from Transilvania","potentialAction":[{"@type":"SearchAction","target":{"@type":"EntryPoint","urlTemplate":"https:\/\/berke.ro\/?s={search_term_string}"},"query-input":{"@type":"PropertyValueSpecification","valueRequired":true,"valueName":"search_term_string"}}],"inLanguage":"ro-RO"}]}},"_links":{"self":[{"href":"https:\/\/berke.ro\/ro\/wp-json\/wp\/v2\/product\/3889","targetHints":{"allow":["GET"]}}],"collection":[{"href":"https:\/\/berke.ro\/ro\/wp-json\/wp\/v2\/product"}],"about":[{"href":"https:\/\/berke.ro\/ro\/wp-json\/wp\/v2\/types\/product"}],"replies":[{"embeddable":true,"href":"https:\/\/berke.ro\/ro\/wp-json\/wp\/v2\/comments?post=3889"}],"wp:featuredmedia":[{"embeddable":true,"href":"https:\/\/berke.ro\/ro\/wp-json\/wp\/v2\/media\/3890"}],"wp:attachment":[{"href":"https:\/\/berke.ro\/ro\/wp-json\/wp\/v2\/media?parent=3889"}],"wp:term":[{"taxonomy":"product_brand","embeddable":true,"href":"https:\/\/berke.ro\/ro\/wp-json\/wp\/v2\/product_brand?post=3889"},{"taxonomy":"product_cat","embeddable":true,"href":"https:\/\/berke.ro\/ro\/wp-json\/wp\/v2\/product_cat?post=3889"},{"taxonomy":"product_tag","embeddable":true,"href":"https:\/\/berke.ro\/ro\/wp-json\/wp\/v2\/product_tag?post=3889"}],"curies":[{"name":"wp","href":"https:\/\/api.w.org\/{rel}","templated":true}]}}