{"id":3534,"date":"2022-03-25T07:46:35","date_gmt":"2022-03-25T07:54:47","guid":{"rendered":"https:\/\/berke.ro\/product\/pasta-de-slanina-cu-jumari\/"},"modified":"2025-05-28T08:26:01","modified_gmt":"2025-05-28T05:26:01","slug":"pasta-de-slanina-cu-jumari","status":"publish","type":"product","link":"https:\/\/berke.ro\/ro\/product\/pasta-de-slanina-cu-jumari\/","title":{"rendered":"Pasta de sl\u0103nin\u0103 cu jum\u0103ri 200g"},"content":{"rendered":"","protected":false},"excerpt":{"rendered":"<p>Buc<\/p>\n<p>&nbsp;<\/p>\n<p><strong>Valori medii nutri\u021bionale pentru 100 g de produs :<\/strong><br \/>\n<strong>Valoarea energetic\u0103:kcal\/kJ 375\/1569, gr\u0103simi: 35 g din care acizi gra\u0219i satura\u021bi: 6,65g, g<\/strong><strong>lucide: 3,11 g din care zaharuri: 2,90 g, proteine: 15 g,\u00a0 sare: 3 g .<\/strong><\/p>\n<p>&nbsp;<\/p>\n","protected":false},"featured_media":3532,"comment_status":"open","ping_status":"closed","template":"","meta":[],"product_brand":[],"product_cat":[170,118],"product_tag":[],"class_list":{"0":"post-3534","1":"product","2":"type-product","3":"status-publish","4":"has-post-thumbnail","6":"product_cat-alte-bunatati","7":"product_cat-rata-porc-pui","9":"first","10":"instock","11":"shipping-taxable","12":"purchasable","13":"product-type-simple"},"yoast_head":"<!-- This site is optimized with the Yoast SEO plugin v26.1.1 - https:\/\/yoast.com\/wordpress\/plugins\/seo\/ -->\n<title>Pasta de sl\u0103nin\u0103 cu jum\u0103ri 200g - Berke<\/title>\n<meta name=\"robots\" content=\"index, follow, max-snippet:-1, max-image-preview:large, max-video-preview:-1\" \/>\n<link rel=\"canonical\" href=\"https:\/\/berke.ro\/ro\/product\/pasta-de-slanina-cu-jumari\/\" \/>\n<meta property=\"og:locale\" content=\"ro_RO\" \/>\n<meta property=\"og:type\" content=\"article\" \/>\n<meta property=\"og:title\" content=\"Pasta de sl\u0103nin\u0103 cu jum\u0103ri 200g - Berke\" \/>\n<meta property=\"og:description\" content=\"Buc  &nbsp;  Valori medii nutri\u021bionale pentru 100 g de produs : Valoarea energetic\u0103:kcal\/kJ 375\/1569, gr\u0103simi: 35 g din care acizi gra\u0219i satura\u021bi: 6,65g, glucide: 3,11 g din care zaharuri: 2,90 g, proteine: 15 g,\u00a0 sare: 3 g .  &nbsp;\" \/>\n<meta property=\"og:url\" content=\"https:\/\/berke.ro\/ro\/product\/pasta-de-slanina-cu-jumari\/\" \/>\n<meta property=\"og:site_name\" content=\"Berke\" \/>\n<meta property=\"article:modified_time\" content=\"2025-05-28T05:26:01+00:00\" \/>\n<meta property=\"og:image\" content=\"https:\/\/berke.ro\/wp-content\/uploads\/2022\/03\/LCZ_4040.jpg\" \/>\n\t<meta property=\"og:image:width\" content=\"1361\" \/>\n\t<meta property=\"og:image:height\" content=\"2040\" \/>\n\t<meta property=\"og:image:type\" content=\"image\/jpeg\" \/>\n<meta name=\"twitter:card\" content=\"summary_large_image\" \/>\n<script type=\"application\/ld+json\" class=\"yoast-schema-graph\">{\"@context\":\"https:\/\/schema.org\",\"@graph\":[{\"@type\":\"WebPage\",\"@id\":\"https:\/\/berke.ro\/ro\/product\/pasta-de-slanina-cu-jumari\/\",\"url\":\"https:\/\/berke.ro\/ro\/product\/pasta-de-slanina-cu-jumari\/\",\"name\":\"Pasta de sl\u0103nin\u0103 cu jum\u0103ri 200g - Berke\",\"isPartOf\":{\"@id\":\"https:\/\/berke.ro\/#website\"},\"primaryImageOfPage\":{\"@id\":\"https:\/\/berke.ro\/ro\/product\/pasta-de-slanina-cu-jumari\/#primaryimage\"},\"image\":{\"@id\":\"https:\/\/berke.ro\/ro\/product\/pasta-de-slanina-cu-jumari\/#primaryimage\"},\"thumbnailUrl\":\"https:\/\/berke.ro\/wp-content\/uploads\/2022\/03\/LCZ_4040.jpg\",\"datePublished\":\"2022-03-25T07:54:47+00:00\",\"dateModified\":\"2025-05-28T05:26:01+00:00\",\"breadcrumb\":{\"@id\":\"https:\/\/berke.ro\/ro\/product\/pasta-de-slanina-cu-jumari\/#breadcrumb\"},\"inLanguage\":\"ro-RO\",\"potentialAction\":[{\"@type\":\"ReadAction\",\"target\":[\"https:\/\/berke.ro\/ro\/product\/pasta-de-slanina-cu-jumari\/\"]}]},{\"@type\":\"ImageObject\",\"inLanguage\":\"ro-RO\",\"@id\":\"https:\/\/berke.ro\/ro\/product\/pasta-de-slanina-cu-jumari\/#primaryimage\",\"url\":\"https:\/\/berke.ro\/wp-content\/uploads\/2022\/03\/LCZ_4040.jpg\",\"contentUrl\":\"https:\/\/berke.ro\/wp-content\/uploads\/2022\/03\/LCZ_4040.jpg\",\"width\":1361,\"height\":2040},{\"@type\":\"BreadcrumbList\",\"@id\":\"https:\/\/berke.ro\/ro\/product\/pasta-de-slanina-cu-jumari\/#breadcrumb\",\"itemListElement\":[{\"@type\":\"ListItem\",\"position\":1,\"name\":\"Kezd\u0151lap\",\"item\":\"https:\/\/berke.ro\/ro\/\"},{\"@type\":\"ListItem\",\"position\":2,\"name\":\"SHOP\",\"item\":\"https:\/\/berke.ro\/ro\/shop\/\"},{\"@type\":\"ListItem\",\"position\":3,\"name\":\"Pasta de sl\u0103nin\u0103 cu jum\u0103ri 200g\"}]},{\"@type\":\"WebSite\",\"@id\":\"https:\/\/berke.ro\/#website\",\"url\":\"https:\/\/berke.ro\/\",\"name\":\"Berke\",\"description\":\"Quality products from Transilvania\",\"potentialAction\":[{\"@type\":\"SearchAction\",\"target\":{\"@type\":\"EntryPoint\",\"urlTemplate\":\"https:\/\/berke.ro\/?s={search_term_string}\"},\"query-input\":{\"@type\":\"PropertyValueSpecification\",\"valueRequired\":true,\"valueName\":\"search_term_string\"}}],\"inLanguage\":\"ro-RO\"}]}<\/script>\n<!-- \/ Yoast SEO plugin. -->","yoast_head_json":{"title":"Pasta de sl\u0103nin\u0103 cu jum\u0103ri 200g - Berke","robots":{"index":"index","follow":"follow","max-snippet":"max-snippet:-1","max-image-preview":"max-image-preview:large","max-video-preview":"max-video-preview:-1"},"canonical":"https:\/\/berke.ro\/ro\/product\/pasta-de-slanina-cu-jumari\/","og_locale":"ro_RO","og_type":"article","og_title":"Pasta de sl\u0103nin\u0103 cu jum\u0103ri 200g - Berke","og_description":"Buc  &nbsp;  Valori medii nutri\u021bionale pentru 100 g de produs : Valoarea energetic\u0103:kcal\/kJ 375\/1569, gr\u0103simi: 35 g din care acizi gra\u0219i satura\u021bi: 6,65g, glucide: 3,11 g din care zaharuri: 2,90 g, proteine: 15 g,\u00a0 sare: 3 g .  &nbsp;","og_url":"https:\/\/berke.ro\/ro\/product\/pasta-de-slanina-cu-jumari\/","og_site_name":"Berke","article_modified_time":"2025-05-28T05:26:01+00:00","og_image":[{"width":1361,"height":2040,"url":"https:\/\/berke.ro\/wp-content\/uploads\/2022\/03\/LCZ_4040.jpg","type":"image\/jpeg"}],"twitter_card":"summary_large_image","schema":{"@context":"https:\/\/schema.org","@graph":[{"@type":"WebPage","@id":"https:\/\/berke.ro\/ro\/product\/pasta-de-slanina-cu-jumari\/","url":"https:\/\/berke.ro\/ro\/product\/pasta-de-slanina-cu-jumari\/","name":"Pasta de sl\u0103nin\u0103 cu jum\u0103ri 200g - Berke","isPartOf":{"@id":"https:\/\/berke.ro\/#website"},"primaryImageOfPage":{"@id":"https:\/\/berke.ro\/ro\/product\/pasta-de-slanina-cu-jumari\/#primaryimage"},"image":{"@id":"https:\/\/berke.ro\/ro\/product\/pasta-de-slanina-cu-jumari\/#primaryimage"},"thumbnailUrl":"https:\/\/berke.ro\/wp-content\/uploads\/2022\/03\/LCZ_4040.jpg","datePublished":"2022-03-25T07:54:47+00:00","dateModified":"2025-05-28T05:26:01+00:00","breadcrumb":{"@id":"https:\/\/berke.ro\/ro\/product\/pasta-de-slanina-cu-jumari\/#breadcrumb"},"inLanguage":"ro-RO","potentialAction":[{"@type":"ReadAction","target":["https:\/\/berke.ro\/ro\/product\/pasta-de-slanina-cu-jumari\/"]}]},{"@type":"ImageObject","inLanguage":"ro-RO","@id":"https:\/\/berke.ro\/ro\/product\/pasta-de-slanina-cu-jumari\/#primaryimage","url":"https:\/\/berke.ro\/wp-content\/uploads\/2022\/03\/LCZ_4040.jpg","contentUrl":"https:\/\/berke.ro\/wp-content\/uploads\/2022\/03\/LCZ_4040.jpg","width":1361,"height":2040},{"@type":"BreadcrumbList","@id":"https:\/\/berke.ro\/ro\/product\/pasta-de-slanina-cu-jumari\/#breadcrumb","itemListElement":[{"@type":"ListItem","position":1,"name":"Kezd\u0151lap","item":"https:\/\/berke.ro\/ro\/"},{"@type":"ListItem","position":2,"name":"SHOP","item":"https:\/\/berke.ro\/ro\/shop\/"},{"@type":"ListItem","position":3,"name":"Pasta de sl\u0103nin\u0103 cu jum\u0103ri 200g"}]},{"@type":"WebSite","@id":"https:\/\/berke.ro\/#website","url":"https:\/\/berke.ro\/","name":"Berke","description":"Quality products from Transilvania","potentialAction":[{"@type":"SearchAction","target":{"@type":"EntryPoint","urlTemplate":"https:\/\/berke.ro\/?s={search_term_string}"},"query-input":{"@type":"PropertyValueSpecification","valueRequired":true,"valueName":"search_term_string"}}],"inLanguage":"ro-RO"}]}},"_links":{"self":[{"href":"https:\/\/berke.ro\/ro\/wp-json\/wp\/v2\/product\/3534","targetHints":{"allow":["GET"]}}],"collection":[{"href":"https:\/\/berke.ro\/ro\/wp-json\/wp\/v2\/product"}],"about":[{"href":"https:\/\/berke.ro\/ro\/wp-json\/wp\/v2\/types\/product"}],"replies":[{"embeddable":true,"href":"https:\/\/berke.ro\/ro\/wp-json\/wp\/v2\/comments?post=3534"}],"wp:featuredmedia":[{"embeddable":true,"href":"https:\/\/berke.ro\/ro\/wp-json\/wp\/v2\/media\/3532"}],"wp:attachment":[{"href":"https:\/\/berke.ro\/ro\/wp-json\/wp\/v2\/media?parent=3534"}],"wp:term":[{"taxonomy":"product_brand","embeddable":true,"href":"https:\/\/berke.ro\/ro\/wp-json\/wp\/v2\/product_brand?post=3534"},{"taxonomy":"product_cat","embeddable":true,"href":"https:\/\/berke.ro\/ro\/wp-json\/wp\/v2\/product_cat?post=3534"},{"taxonomy":"product_tag","embeddable":true,"href":"https:\/\/berke.ro\/ro\/wp-json\/wp\/v2\/product_tag?post=3534"}],"curies":[{"name":"wp","href":"https:\/\/api.w.org\/{rel}","templated":true}]}}