{"id":2439,"date":"2022-01-06T11:52:55","date_gmt":"2022-01-06T11:52:55","guid":{"rendered":"https:\/\/berke.ro\/index.php\/livrare\/"},"modified":"2024-12-19T15:24:55","modified_gmt":"2024-12-19T13:24:55","slug":"livrare","status":"publish","type":"page","link":"https:\/\/berke.ro\/ro\/livrare\/","title":{"rendered":"Livrare"},"content":{"rendered":"<div class=\"fusion-fullwidth fullwidth-box fusion-builder-row-1 fusion-flex-container nonhundred-percent-fullwidth non-hundred-percent-height-scrolling\" style=\"--awb-border-radius-top-left:0px;--awb-border-radius-top-right:0px;--awb-border-radius-bottom-right:0px;--awb-border-radius-bottom-left:0px;--awb-flex-wrap:wrap;\" ><div class=\"fusion-builder-row fusion-row fusion-flex-align-items-flex-start fusion-flex-content-wrap\" style=\"max-width:1430px;margin-left: calc(-4% \/ 2 );margin-right: calc(-4% \/ 2 );\"><div class=\"fusion-layout-column fusion_builder_column fusion-builder-column-0 fusion_builder_column_1_1 1_1 fusion-flex-column\" style=\"--awb-bg-size:cover;--awb-width-large:100%;--awb-margin-top-large:0px;--awb-spacing-right-large:1.92%;--awb-margin-bottom-large:8%;--awb-spacing-left-large:1.92%;--awb-width-medium:100%;--awb-order-medium:0;--awb-spacing-right-medium:1.92%;--awb-spacing-left-medium:1.92%;--awb-width-small:100%;--awb-order-small:0;--awb-spacing-right-small:1.92%;--awb-spacing-left-small:1.92%;\"><div class=\"fusion-column-wrapper fusion-column-has-shadow fusion-flex-justify-content-flex-start fusion-content-layout-column\"><div class=\"fusion-text fusion-text-1\" style=\"--awb-text-transform:none;\"><p><strong>Informa\u021bii utile despre livrare<\/strong><\/p>\n<p>Comenzile sunt preluate de luni p\u00e2n\u0103 vineri, \u00eentre orele 8:00-12:00. Pentru a putea fi contacta\u0163i de colegii no\u015ftri, \u00een vederea stabilirii datei de livrare a produselor, v\u0103 rug\u0103m s\u0103 completa\u0163i &#8211; cu aten\u0163ie &#8211; formularul de \u00eenregistrare. Dup\u0103 \u00eenregistrare \u015fi dup\u0103 stabilirea datei de livrare, produsele se ambaleaz\u0103, se preg\u0103tesc pentru transport. Din motive de siguran\u021b\u0103 a alimentelor preparate din carne, livrarea se face cu agent propriu cu ajutorul unei ma\u015finii frigorifice sau \u00een lad\u0103 frigorific\u0103, garant\u00e2ndu-se prospe\u0163imea acestora. Produsele se vor p\u0103stra p\u00e2n\u0103 la consumare in frigider sau \u00een congelator.<\/p>\n<p><strong>Livram la domiciliu doar pachetele de peste 5 kg sau peste 200 Ron.<\/strong><\/p>\n<p>Produsele Honor sunt livrate \u00een fiecare s\u0103pt\u0103m\u00e2n\u0103 pe trei trasee s\u0103pt\u0103m\u00e2nale \u0219i un traseu lunar, conform tabelului de mai jos. Traseul de marti include Cluj-Napoca, Turda, Dej, T\u00e2rgu-Mure\u0219, Sovata, Praid, Bistri\u021ba \u0219i ora\u0219ele aflate \u00een zon\u0103, l\u00e2ng\u0103 drumul DN16 si E 60.<br \/>\n\u00cen fiecare joi trasnport\u0103m produsele pe traseul Bucure\u0219ti, Valea Prahovei \u0219i Valea Oltului, Bra\u0219ov, Sinaia, Predeal \u0219i Bazinul Ciucului. V\u0103 rug\u0103m s\u0103 plasa\u021bi comenzile cu cel pu\u021bin 2 zile \u00eenainte de livrarea dorit\u0103.<br \/>\nLivrarea produselor se face \u00een cele mai bune condi\u0163ii, cu ajutorul unei ma\u015fini frigorifice sau \u00een lad\u0103 frigorific\u0103, garant\u00e2ndu-se prospe\u0163imea acestora.<br \/>\nProdusele se vor p\u0103stra p\u00e2n\u0103 la consumare in frigider sau \u00een congelator. Dac\u0103 nu sunte\u0163i mul\u0163umi\u0163i de calitatea unuia sau a mai multor produse primite, v\u0103 rug\u0103m s\u0103 nu ezita\u0163i s\u0103 apela\u0163i la serviciul nostru clien\u0163i, urm\u00e2nd ca produsul\/produsele \u00een cauz\u0103 s\u0103 fie schimbate sau s\u0103 v\u0103 fie returnat pre\u0163ul acestuia\/acestora. Fiecare produs este etichetat conform cerin\u0163elor legii \u00een vigoare. Valoarea transportului este suportat\u0103 de fiecare dat\u0103 de c\u0103tre client. Plata se face la curier. Factura emis\u0103 con\u0163ine \u015fi taxa de transport.. Dorim s\u0103 v\u0103 inform\u0103m c\u0103, \u00een condi\u021biile \u00een care loca\u021bia unde dori\u021bi coletul,<\/p>\n<p>nu este \u00een teritoriul amintit \u00een politica noastr\u0103 de transport, produsele vor fi preg\u0103tite c\u0103tre trimitere numai \u00een condi\u021biile \u00een care a\u021bi pl\u0103tit comanda. Fiecare produs este etichetat conform cerin\u0163elor legii \u00een vigoare. Valoarea transportului este suportat\u0103 de fiecare dat\u0103 de c\u0103tre client. Plata se face la curier. Factura emis\u0103 con\u0163ine \u015fi taxa de transport.<\/p>\n<p>Dorim s\u0103 v\u0103 inform\u0103m c\u0103, \u00een condi\u021biile \u00een care loca\u021bia unde dori\u021bi coletul, nu este \u00een teritoriul amintit \u00een politica noastr\u0103 de transport, produsele vor fi preg\u0103tite c\u0103tre trimitere numai \u00een condi\u021biile \u00een care a\u021bi pl\u0103tit comanda. Mul\u021bumim pentru \u00een\u021belegere.<\/p>\n<p>Cu orice \u00eentrebare legat de transport v\u0103 rug\u0103m s\u0103 suna\u021bi la num\u0103rul de telefon: +40 742 156971<\/p>\n<p><strong>Traseul de transport pentru pachetele intre 5 &#8211; 50 kg:<\/strong><\/p>\n<\/div>\n<div class=\"table-1\">\n<table width=\"100%\">\n<thead>\n<tr>\n<th style=\"text-align: center;\" align=\"left\"><strong>Data livr\u0103rii<\/strong><\/th>\n<th style=\"text-align: center;\" align=\"left\"><strong>Traseul<\/strong>*<\/th>\n<th style=\"text-align: center;\" align=\"left\"><strong>Data plas\u0103rii comenzilor<\/strong><\/th>\n<th style=\"text-align: center;\" align=\"left\"><strong>Pre\u021b<\/strong><\/th>\n<\/tr>\n<\/thead>\n<tbody>\n<tr>\n<td style=\"text-align: center;\" align=\"left\">Marti<\/td>\n<td style=\"text-align: center;\" align=\"left\">T\u00e2rgu Mure\u0219, Sighi\u0219oara, Cristuru-Secuiesc,<br \/>\nCluj, Sovata, Praid, Reghin, Dej, Bistri\u021ba,<br \/>\nTurda, Iernut, C\u00e2mpia Turzii<\/td>\n<td style=\"text-align: center;\" align=\"left\">\u00een aceea\u0219i s\u0103pt\u0103m\u00e2n\u0103 luni, ora 12:00<\/td>\n<td style=\"text-align: center;\" align=\"left\">30 Ron + TVA\/pachet<\/td>\n<\/tr>\n<tr>\n<td style=\"text-align: center;\" align=\"left\">Joi scurt<\/td>\n<td style=\"text-align: center;\" align=\"left\">Miercurea Ciuc, T\u00e2rgu Secuiesc,<br \/>\nSf\u00e2ntugheorghe, Covasna<\/td>\n<td style=\"text-align: center;\" align=\"left\">\u00een aceea\u0219i s\u0103pt\u0103m\u00e2n\u0103 miercuri, ora 12:00<\/td>\n<td style=\"text-align: center;\" align=\"left\">30 Ron + TVA\/pachet<\/td>\n<\/tr>\n<tr>\n<td style=\"text-align: center;\" align=\"left\">Joi lung<\/td>\n<td style=\"text-align: center;\" align=\"left\">Bra\u0219ov, Bran, Poiana Bra\u0219ov, Predeal, Azuga,<br \/>\nBu\u0219teni, Sinaia, C\u00e2mpina, Ploie\u0219ti, Ilfov, Bucure\u0219ti,<br \/>\nPite\u0219ti, Ploie\u0219ti, T\u00e2rgovi\u0219te, C\u00e2mpulung<\/td>\n<td style=\"text-align: center;\" align=\"left\">\u00een aceea\u0219i s\u0103pt\u0103m\u00e2n\u0103 miercuri, ora 12:00<\/td>\n<td style=\"text-align: center;\" align=\"left\">30 Ron + TVA\/pachet<\/td>\n<\/tr>\n<tr>\n<td style=\"text-align: center;\" align=\"left\">Lunar<\/td>\n<td style=\"text-align: center;\" align=\"left\">\n<p data-pm-slice=\"1 1 &#091;&#093;\">Piatra Neam\u021b, Roman, Ia\u0219i, Suceava, Boto\u0219ani,<br \/>\nR\u0103d\u0103u\u021b<\/p>\n<\/td>\n<td style=\"text-align: center;\" align=\"left\">data livr\u0103rii este stabilit telefonic:\u00a0 <a href=\"te:0742 156971\">0742 156971<\/a><\/td>\n<td style=\"text-align: center;\" align=\"left\">30 Ron + TVA\/pachet<\/td>\n<\/tr>\n<\/tbody>\n<\/table>\n<p data-pm-slice=\"1 1 &#091;&#093;\">*Livr\u0103m produse \u0219i pe o raza de 5 km a localit\u0103\u021biilor enumerate.<\/p>\n<p><strong>Traseul de transport pentru pachetele peste 50 kg:<\/strong><\/p>\n<p>\u00cen cazul comenzilor de peste 50 kg oferim clien\u021bilor no\u0219trii livrare personalizat\u0103. \u00cen cazul comenzilor de peste 50 kg v\u0103 rug\u0103m s\u0103 contacta\u021bi serviciul clien\u021bi: <a href=\"tel:+40 742 156971\">+40 742 156971<\/a><\/p>\n<\/div>\n<\/div><\/div><\/div><\/div>\n","protected":false},"excerpt":{"rendered":"","protected":false},"author":1,"featured_media":0,"parent":0,"menu_order":0,"comment_status":"closed","ping_status":"closed","template":"","meta":{"footnotes":""},"class_list":["post-2439","page","type-page","status-publish","hentry"],"yoast_head":"<!-- This site is optimized with the Yoast SEO plugin v26.1.1 - https:\/\/yoast.com\/wordpress\/plugins\/seo\/ -->\n<title>Livrare - Berke<\/title>\n<meta name=\"robots\" content=\"index, follow, max-snippet:-1, max-image-preview:large, max-video-preview:-1\" \/>\n<link rel=\"canonical\" href=\"https:\/\/berke.ro\/szallitas\/\" \/>\n<meta property=\"og:locale\" content=\"ro_RO\" \/>\n<meta property=\"og:type\" content=\"article\" \/>\n<meta property=\"og:title\" content=\"Livrare - Berke\" \/>\n<meta property=\"og:url\" content=\"https:\/\/berke.ro\/szallitas\/\" \/>\n<meta property=\"og:site_name\" content=\"Berke\" \/>\n<meta property=\"article:modified_time\" content=\"2024-12-19T13:24:55+00:00\" \/>\n<meta name=\"twitter:card\" content=\"summary_large_image\" \/>\n<meta name=\"twitter:label1\" content=\"Timp estimat pentru citire\" \/>\n\t<meta name=\"twitter:data1\" content=\"7 minute\" \/>\n<script type=\"application\/ld+json\" class=\"yoast-schema-graph\">{\"@context\":\"https:\/\/schema.org\",\"@graph\":[{\"@type\":\"WebPage\",\"@id\":\"https:\/\/berke.ro\/szallitas\/\",\"url\":\"https:\/\/berke.ro\/szallitas\/\",\"name\":\"Livrare - Berke\",\"isPartOf\":{\"@id\":\"https:\/\/berke.ro\/#website\"},\"datePublished\":\"2022-01-06T11:52:55+00:00\",\"dateModified\":\"2024-12-19T13:24:55+00:00\",\"breadcrumb\":{\"@id\":\"https:\/\/berke.ro\/szallitas\/#breadcrumb\"},\"inLanguage\":\"ro-RO\",\"potentialAction\":[{\"@type\":\"ReadAction\",\"target\":[\"https:\/\/berke.ro\/szallitas\/\"]}]},{\"@type\":\"BreadcrumbList\",\"@id\":\"https:\/\/berke.ro\/szallitas\/#breadcrumb\",\"itemListElement\":[{\"@type\":\"ListItem\",\"position\":1,\"name\":\"Kezd\u0151lap\",\"item\":\"https:\/\/berke.ro\/ro\/\"},{\"@type\":\"ListItem\",\"position\":2,\"name\":\"Livrare\"}]},{\"@type\":\"WebSite\",\"@id\":\"https:\/\/berke.ro\/#website\",\"url\":\"https:\/\/berke.ro\/\",\"name\":\"Berke\",\"description\":\"Quality products from Transilvania\",\"potentialAction\":[{\"@type\":\"SearchAction\",\"target\":{\"@type\":\"EntryPoint\",\"urlTemplate\":\"https:\/\/berke.ro\/?s={search_term_string}\"},\"query-input\":{\"@type\":\"PropertyValueSpecification\",\"valueRequired\":true,\"valueName\":\"search_term_string\"}}],\"inLanguage\":\"ro-RO\"}]}<\/script>\n<!-- \/ Yoast SEO plugin. -->","yoast_head_json":{"title":"Livrare - Berke","robots":{"index":"index","follow":"follow","max-snippet":"max-snippet:-1","max-image-preview":"max-image-preview:large","max-video-preview":"max-video-preview:-1"},"canonical":"https:\/\/berke.ro\/szallitas\/","og_locale":"ro_RO","og_type":"article","og_title":"Livrare - Berke","og_url":"https:\/\/berke.ro\/szallitas\/","og_site_name":"Berke","article_modified_time":"2024-12-19T13:24:55+00:00","twitter_card":"summary_large_image","twitter_misc":{"Timp estimat pentru citire":"7 minute"},"schema":{"@context":"https:\/\/schema.org","@graph":[{"@type":"WebPage","@id":"https:\/\/berke.ro\/szallitas\/","url":"https:\/\/berke.ro\/szallitas\/","name":"Livrare - Berke","isPartOf":{"@id":"https:\/\/berke.ro\/#website"},"datePublished":"2022-01-06T11:52:55+00:00","dateModified":"2024-12-19T13:24:55+00:00","breadcrumb":{"@id":"https:\/\/berke.ro\/szallitas\/#breadcrumb"},"inLanguage":"ro-RO","potentialAction":[{"@type":"ReadAction","target":["https:\/\/berke.ro\/szallitas\/"]}]},{"@type":"BreadcrumbList","@id":"https:\/\/berke.ro\/szallitas\/#breadcrumb","itemListElement":[{"@type":"ListItem","position":1,"name":"Kezd\u0151lap","item":"https:\/\/berke.ro\/ro\/"},{"@type":"ListItem","position":2,"name":"Livrare"}]},{"@type":"WebSite","@id":"https:\/\/berke.ro\/#website","url":"https:\/\/berke.ro\/","name":"Berke","description":"Quality products from Transilvania","potentialAction":[{"@type":"SearchAction","target":{"@type":"EntryPoint","urlTemplate":"https:\/\/berke.ro\/?s={search_term_string}"},"query-input":{"@type":"PropertyValueSpecification","valueRequired":true,"valueName":"search_term_string"}}],"inLanguage":"ro-RO"}]}},"_links":{"self":[{"href":"https:\/\/berke.ro\/ro\/wp-json\/wp\/v2\/pages\/2439","targetHints":{"allow":["GET"]}}],"collection":[{"href":"https:\/\/berke.ro\/ro\/wp-json\/wp\/v2\/pages"}],"about":[{"href":"https:\/\/berke.ro\/ro\/wp-json\/wp\/v2\/types\/page"}],"author":[{"embeddable":true,"href":"https:\/\/berke.ro\/ro\/wp-json\/wp\/v2\/users\/1"}],"replies":[{"embeddable":true,"href":"https:\/\/berke.ro\/ro\/wp-json\/wp\/v2\/comments?post=2439"}],"version-history":[{"count":9,"href":"https:\/\/berke.ro\/ro\/wp-json\/wp\/v2\/pages\/2439\/revisions"}],"predecessor-version":[{"id":5664,"href":"https:\/\/berke.ro\/ro\/wp-json\/wp\/v2\/pages\/2439\/revisions\/5664"}],"wp:attachment":[{"href":"https:\/\/berke.ro\/ro\/wp-json\/wp\/v2\/media?parent=2439"}],"curies":[{"name":"wp","href":"https:\/\/api.w.org\/{rel}","templated":true}]}}