{"id":2234,"date":"2022-01-03T16:21:31","date_gmt":"2022-01-03T16:21:31","guid":{"rendered":"https:\/\/berke.ro\/index.php\/garantie\/"},"modified":"2022-01-03T16:21:31","modified_gmt":"2022-01-03T16:21:31","slug":"garantie","status":"publish","type":"page","link":"https:\/\/berke.ro\/ro\/garantie\/","title":{"rendered":"Garan\u021bie"},"content":{"rendered":"<div class=\"fusion-fullwidth fullwidth-box fusion-builder-row-1 fusion-flex-container nonhundred-percent-fullwidth non-hundred-percent-height-scrolling\" style=\"--awb-border-radius-top-left:0px;--awb-border-radius-top-right:0px;--awb-border-radius-bottom-right:0px;--awb-border-radius-bottom-left:0px;--awb-flex-wrap:wrap;\" ><div class=\"fusion-builder-row fusion-row fusion-flex-align-items-flex-start fusion-flex-content-wrap\" style=\"max-width:1430px;margin-left: calc(-4% \/ 2 );margin-right: calc(-4% \/ 2 );\"><div class=\"fusion-layout-column fusion_builder_column fusion-builder-column-0 fusion_builder_column_1_1 1_1 fusion-flex-column\" style=\"--awb-bg-size:cover;--awb-width-large:100%;--awb-margin-top-large:0px;--awb-spacing-right-large:1.92%;--awb-margin-bottom-large:8%;--awb-spacing-left-large:1.92%;--awb-width-medium:100%;--awb-order-medium:0;--awb-spacing-right-medium:1.92%;--awb-spacing-left-medium:1.92%;--awb-width-small:100%;--awb-order-small:0;--awb-spacing-right-small:1.92%;--awb-spacing-left-small:1.92%;\"><div class=\"fusion-column-wrapper fusion-column-has-shadow fusion-flex-justify-content-flex-start fusion-content-layout-column\"><div class=\"fusion-text fusion-text-1\" style=\"--awb-text-transform:none;\"><p>Satisfac\u0163ia Dumneavoastr\u0103 este prima noastr\u0103 prioritate. Toate produsele pe care vi le oferim sunt fabricate cu exigen\u021b\u0103. Credem \u00een produsele noastre \u015fi dorim ca \u015fi clien\u0163ii no\u015ftri s\u0103 fie satisf\u0103cu\u0163i. Astfel, oferim o garan\u0163ie de satisfac\u0163ie de 100%. Carnea de v\u00e2nat \u015fi carnea ob\u0163inut\u0103 din rasa de porc rar\u0103, mangali\u0163a, c\u00e2\u015ftig\u0103 din ce \u00een ce mai mult\u0103 popularitate \u00een r\u00e2ndul diferitelor categorii de oameni. Buc\u0103tarii \u015fi gurmanzii o \u00eendr\u0103gesc pentru aroma lor special\u0103;<\/p>\n<p>consumatorii care duc un mod de via\u0163\u0103 s\u0103n\u0103tos le prefer\u0103 pentru con\u0163inutul lor redus de gr\u0103simi, ca surs\u0103 bogat\u0103 de proteine. Pe l\u00e2ng\u0103 pl\u0103cerea de a o consuma, exist\u0103 c\u00e2teva beneficii incontestabile ale consumului de carne de v\u00e2nat. Odat\u0103 ce a\u0163i gustat din produsele noastre excep\u0163ionale, suntem siguri c\u0103 ve\u0163i descoperi \u015fi Dumneavoastr\u0103 motivul personal pentru a le \u00eendr\u0103gi. Dac\u0103 nu sunte\u0163i complet mul\u0163umit, v\u0103 rug\u0103m s\u0103 contacta\u0163i serviciul \u201cclien\u0163i\u201d pentru a returna produsul\/produsele \u00een cauz\u0103.<\/p>\n<\/div><\/div><\/div><\/div><\/div>\n","protected":false},"excerpt":{"rendered":"","protected":false},"author":1,"featured_media":0,"parent":0,"menu_order":0,"comment_status":"closed","ping_status":"closed","template":"","meta":{"footnotes":""},"class_list":["post-2234","page","type-page","status-publish","hentry"],"yoast_head":"<!-- This site is optimized with the Yoast SEO plugin v26.1.1 - https:\/\/yoast.com\/wordpress\/plugins\/seo\/ -->\n<title>Garan\u021bie - Berke<\/title>\n<meta name=\"robots\" content=\"index, follow, max-snippet:-1, max-image-preview:large, max-video-preview:-1\" \/>\n<link rel=\"canonical\" href=\"https:\/\/berke.ro\/garancia\/\" \/>\n<meta property=\"og:locale\" content=\"ro_RO\" \/>\n<meta property=\"og:type\" content=\"article\" \/>\n<meta property=\"og:title\" content=\"Garan\u021bie - Berke\" \/>\n<meta property=\"og:url\" content=\"https:\/\/berke.ro\/garancia\/\" \/>\n<meta property=\"og:site_name\" content=\"Berke\" \/>\n<meta name=\"twitter:card\" content=\"summary_large_image\" \/>\n<meta name=\"twitter:label1\" content=\"Timp estimat pentru citire\" \/>\n\t<meta name=\"twitter:data1\" content=\"3 minute\" \/>\n<script type=\"application\/ld+json\" class=\"yoast-schema-graph\">{\"@context\":\"https:\/\/schema.org\",\"@graph\":[{\"@type\":\"WebPage\",\"@id\":\"https:\/\/berke.ro\/garancia\/\",\"url\":\"https:\/\/berke.ro\/garancia\/\",\"name\":\"Garan\u021bie - Berke\",\"isPartOf\":{\"@id\":\"https:\/\/berke.ro\/#website\"},\"datePublished\":\"2022-01-03T16:21:31+00:00\",\"breadcrumb\":{\"@id\":\"https:\/\/berke.ro\/garancia\/#breadcrumb\"},\"inLanguage\":\"ro-RO\",\"potentialAction\":[{\"@type\":\"ReadAction\",\"target\":[\"https:\/\/berke.ro\/garancia\/\"]}]},{\"@type\":\"BreadcrumbList\",\"@id\":\"https:\/\/berke.ro\/garancia\/#breadcrumb\",\"itemListElement\":[{\"@type\":\"ListItem\",\"position\":1,\"name\":\"Kezd\u0151lap\",\"item\":\"https:\/\/berke.ro\/ro\/\"},{\"@type\":\"ListItem\",\"position\":2,\"name\":\"Garan\u021bie\"}]},{\"@type\":\"WebSite\",\"@id\":\"https:\/\/berke.ro\/#website\",\"url\":\"https:\/\/berke.ro\/\",\"name\":\"Berke\",\"description\":\"Quality products from Transilvania\",\"potentialAction\":[{\"@type\":\"SearchAction\",\"target\":{\"@type\":\"EntryPoint\",\"urlTemplate\":\"https:\/\/berke.ro\/?s={search_term_string}\"},\"query-input\":{\"@type\":\"PropertyValueSpecification\",\"valueRequired\":true,\"valueName\":\"search_term_string\"}}],\"inLanguage\":\"ro-RO\"}]}<\/script>\n<!-- \/ Yoast SEO plugin. -->","yoast_head_json":{"title":"Garan\u021bie - Berke","robots":{"index":"index","follow":"follow","max-snippet":"max-snippet:-1","max-image-preview":"max-image-preview:large","max-video-preview":"max-video-preview:-1"},"canonical":"https:\/\/berke.ro\/garancia\/","og_locale":"ro_RO","og_type":"article","og_title":"Garan\u021bie - Berke","og_url":"https:\/\/berke.ro\/garancia\/","og_site_name":"Berke","twitter_card":"summary_large_image","twitter_misc":{"Timp estimat pentru citire":"3 minute"},"schema":{"@context":"https:\/\/schema.org","@graph":[{"@type":"WebPage","@id":"https:\/\/berke.ro\/garancia\/","url":"https:\/\/berke.ro\/garancia\/","name":"Garan\u021bie - Berke","isPartOf":{"@id":"https:\/\/berke.ro\/#website"},"datePublished":"2022-01-03T16:21:31+00:00","breadcrumb":{"@id":"https:\/\/berke.ro\/garancia\/#breadcrumb"},"inLanguage":"ro-RO","potentialAction":[{"@type":"ReadAction","target":["https:\/\/berke.ro\/garancia\/"]}]},{"@type":"BreadcrumbList","@id":"https:\/\/berke.ro\/garancia\/#breadcrumb","itemListElement":[{"@type":"ListItem","position":1,"name":"Kezd\u0151lap","item":"https:\/\/berke.ro\/ro\/"},{"@type":"ListItem","position":2,"name":"Garan\u021bie"}]},{"@type":"WebSite","@id":"https:\/\/berke.ro\/#website","url":"https:\/\/berke.ro\/","name":"Berke","description":"Quality products from Transilvania","potentialAction":[{"@type":"SearchAction","target":{"@type":"EntryPoint","urlTemplate":"https:\/\/berke.ro\/?s={search_term_string}"},"query-input":{"@type":"PropertyValueSpecification","valueRequired":true,"valueName":"search_term_string"}}],"inLanguage":"ro-RO"}]}},"_links":{"self":[{"href":"https:\/\/berke.ro\/ro\/wp-json\/wp\/v2\/pages\/2234","targetHints":{"allow":["GET"]}}],"collection":[{"href":"https:\/\/berke.ro\/ro\/wp-json\/wp\/v2\/pages"}],"about":[{"href":"https:\/\/berke.ro\/ro\/wp-json\/wp\/v2\/types\/page"}],"author":[{"embeddable":true,"href":"https:\/\/berke.ro\/ro\/wp-json\/wp\/v2\/users\/1"}],"replies":[{"embeddable":true,"href":"https:\/\/berke.ro\/ro\/wp-json\/wp\/v2\/comments?post=2234"}],"version-history":[{"count":2,"href":"https:\/\/berke.ro\/ro\/wp-json\/wp\/v2\/pages\/2234\/revisions"}],"predecessor-version":[{"id":2236,"href":"https:\/\/berke.ro\/ro\/wp-json\/wp\/v2\/pages\/2234\/revisions\/2236"}],"wp:attachment":[{"href":"https:\/\/berke.ro\/ro\/wp-json\/wp\/v2\/media?parent=2234"}],"curies":[{"name":"wp","href":"https:\/\/api.w.org\/{rel}","templated":true}]}}